{"id":20,"date":"2023-11-11T22:15:07","date_gmt":"2023-11-11T22:15:07","guid":{"rendered":"https:\/\/ngotronghien.online\/?page_id=20"},"modified":"2023-12-21T17:52:10","modified_gmt":"2023-12-21T22:52:10","slug":"linh-tinh-2","status":"publish","type":"page","link":"https:\/\/ngotronghien.online\/index.php\/linh-tinh-2\/","title":{"rendered":"Linh Tinh"},"content":{"rendered":"\n<p>D\u01b0\u1edbi \u0111\u00e2y l\u00e0 m\u1ed9t s\u1ed1 b\u00e0i vi\u1ebft c\u00f3 li\u00ean h\u1ec7 t\u1edbi c\u1ed1 thi-s\u0129 Ng\u00f4-Tr\u1ecdng-Hi\u1ebfn. Xin qu\u00fd v\u1ecb \u0111\u1eebng qu\u00ean nh\u1ea5n v\u00e0o c\u00e1i bi\u1ec3u t\u01b0\u1ee3ng &#8220;b\u1ed1n m\u0169i t\u00ean&#8221; (full screen view) \u1edf g\u00f3c b\u00ean ph\u1ea3i ph\u00eda d\u01b0\u1edbi \u0111\u1ec3 coi m\u00e0n \u1ea3nh r\u1ed9ng, tho\u1ea3i m\u00e1i h\u01a1n.<\/p>\n\n\n\n<p><\/p>\n\n\n\n<p><strong>Vi\u1ec7t v\u0103n 20 \u0111i\u1ec3m<\/strong><\/p>\n\n\n\n<figure class=\"wp-block-embed is-type-rich is-provider-issuu wp-block-embed-issuu\"><div class=\"wp-block-embed__wrapper\">\n<div data-url=\"https:\/\/issuu.com\/auvq\/docs\/vi_t_v_n_20_i_m_4cba4dac196a39\" style=\"width: 750px; height: 485px;\" class=\"issuuembed\"><\/div><script type=\"text\/javascript\" src=\"\/\/e.issuu.com\/embed.js\" async=\"true\"><\/script>\n<\/div><figcaption class=\"wp-element-caption\">Trao \u0111\u1ed5i emails gi\u1eefa 2 ng\u01b0\u1eddi con c\u1ee7a thi s\u0129 Ng\u00f4-Tr\u1ecdng-Hi\u1ebfn.<\/figcaption><\/figure>\n\n\n\n<p><strong>Nguy\u1ec5n-\u0110\u1ee9c-H\u1ecdc<\/strong><\/p>\n\n\n\n<figure class=\"wp-block-embed is-type-rich is-provider-issuu wp-block-embed-issuu\"><div class=\"wp-block-embed__wrapper\">\n<div data-url=\"https:\/\/issuu.com\/auvq\/docs\/nguy_n_c_h_c_blue_4b12b0377798a7\" style=\"width: 750px; height: 485px;\" class=\"issuuembed\"><\/div><script type=\"text\/javascript\" src=\"\/\/e.issuu.com\/embed.js\" async=\"true\"><\/script>\n<\/div><figcaption class=\"wp-element-caption\">\u0110\u00e2y l\u00e0 m\u1ed9t b\u00e0i vi\u1ebft \u0111\u0103ng tr\u00ean Facebook c\u1ee7a \u00f4ng Nguy\u1ec5n \u0110\u1ee9c H\u1ecdc, m\u1ed9t c\u1ef1u nh\u00e2n vi\u00ean nh\u00e0 xu\u1ea5t b\u1ea3n Nh\u01b0-\u00dd, Saigon, Vi\u1ec7t Nam, tr\u01b0\u1edbc n\u0103m 1975.<\/figcaption><\/figure>\n\n\n\n<p><strong>Kh\u00f3c Nguy\u1ec5n-Du<\/strong><\/p>\n\n\n\n<figure class=\"wp-block-embed is-type-rich is-provider-issuu wp-block-embed-issuu\"><div class=\"wp-block-embed__wrapper\">\n<div data-url=\"https:\/\/issuu.com\/auvq\/docs\/b_t_tri_tam_b_ch_77513b9326d0b0\" style=\"width: 750px; height: 485px;\" class=\"issuuembed\"><\/div><script type=\"text\/javascript\" src=\"\/\/e.issuu.com\/embed.js\" async=\"true\"><\/script>\n<\/div><figcaption class=\"wp-element-caption\">Nh\u00e0 th\u01a1 Ng\u00f4-Tr\u1ecdng-Hi\u1ebfn s\u1eeda sai hai c\u00e2u th\u01a1 ch\u1eef H\u00e1n tr\u00ean b\u00eca b\u1ea3n th\u1ea3o cu\u1ed1n &#8220;Lu\u1eadn-\u0111\u1ec1 Nguy\u1ec5n-Du&#8221; c\u1ee7a m\u1ed9t gi\u00e1o s\u01b0 trung h\u1ecdc, mu\u1ed1n nh\u00e0 xu\u1ea5t b\u1ea3n Nh\u01b0 \u00dd (do thi-s\u0129 Ng\u00f4-Tr\u1ecdng-Hi\u1ebfn l\u00e0m ch\u1ee7) xu\u1ea5t b\u1ea3n cho \u00f4ng ta.<\/figcaption><\/figure>\n\n\n\n<p><strong>Th\u01a1 ch\u00fa Hi\u1ebfn<\/strong><\/p>\n\n\n\n<figure class=\"wp-block-embed is-type-rich is-provider-issuu wp-block-embed-issuu\"><div class=\"wp-block-embed__wrapper\">\n<div data-url=\"https:\/\/issuu.com\/auvq\/docs\/combined_th_ch_hi_n-r_584cc615a7c244\" style=\"width: 750px; height: 485px;\" class=\"issuuembed\"><\/div><script type=\"text\/javascript\" src=\"\/\/e.issuu.com\/embed.js\" async=\"true\"><\/script>\n<\/div><figcaption class=\"wp-element-caption\">V\u00e0i b\u00e0i th\u01a1 l\u00e0m tr\u01b0\u1edbc 1940 c\u1ee7a thi-s\u0129 Ng\u00f4-Trong-Hi\u1ebfn, qua s\u1ef1 k\u1ec3 l\u1ea1i c\u1ee7a c\u00f4 ch\u00e1u g\u00e1i Ng\u00f4 Mai Khanh, \u0111\u00e3 nghe l\u00f3m \u0111\u01b0\u1ee3c khi thi-s\u0129 t\u00e1n d\u00f3c v\u0103n th\u01a1 v\u1edbi ch\u1ecb c\u1ee7a c\u00f4 Khanh l\u00e0 Ng\u00f4 Th\u00fay H\u1ed3ng, l\u00fac \u0111\u00f3 kho\u1ea3ng 16, 17 tu\u1ed5i.<\/figcaption><\/figure>\n\n\n\n<p><\/p>\n\n\n\n<p><\/p>\n\n\n\n<p><\/p>\n","protected":false},"excerpt":{"rendered":"<p>D\u01b0\u1edbi \u0111\u00e2y l\u00e0 m\u1ed9t s\u1ed1 b\u00e0i vi\u1ebft c\u00f3 li\u00ean h\u1ec7 t\u1edbi c\u1ed1 thi-s\u0129 Ng\u00f4-Tr\u1ecdng-Hi\u1ebfn. Xin qu\u00fd v\u1ecb \u0111\u1eebng qu\u00ean nh\u1ea5n v\u00e0o c\u00e1i bi\u1ec3u t\u01b0\u1ee3ng &#8220;b\u1ed1n m\u0169i t\u00ean&#8221; (full screen view) \u1edf g\u00f3c b\u00ean ph\u1ea3i ph\u00eda d\u01b0\u1edbi \u0111\u1ec3 coi m\u00e0n \u1ea3nh r\u1ed9ng, tho\u1ea3i m\u00e1i h\u01a1n. Vi\u1ec7t v\u0103n 20 \u0111i\u1ec3m Nguy\u1ec5n-\u0110\u1ee9c-H\u1ecdc Kh\u00f3c [&hellip;]<\/p>\n","protected":false},"author":1,"featured_media":0,"parent":0,"menu_order":0,"comment_status":"closed","ping_status":"closed","template":"","meta":{"om_disable_all_campaigns":false,"_monsterinsights_skip_tracking":false,"_monsterinsights_sitenote_active":false,"_monsterinsights_sitenote_note":"","_monsterinsights_sitenote_category":0,"footnotes":""},"class_list":["post-20","page","type-page","status-publish","hentry"],"aioseo_notices":[],"_links":{"self":[{"href":"https:\/\/ngotronghien.online\/index.php\/wp-json\/wp\/v2\/pages\/20","targetHints":{"allow":["GET"]}}],"collection":[{"href":"https:\/\/ngotronghien.online\/index.php\/wp-json\/wp\/v2\/pages"}],"about":[{"href":"https:\/\/ngotronghien.online\/index.php\/wp-json\/wp\/v2\/types\/page"}],"author":[{"embeddable":true,"href":"https:\/\/ngotronghien.online\/index.php\/wp-json\/wp\/v2\/users\/1"}],"replies":[{"embeddable":true,"href":"https:\/\/ngotronghien.online\/index.php\/wp-json\/wp\/v2\/comments?post=20"}],"version-history":[{"count":8,"href":"https:\/\/ngotronghien.online\/index.php\/wp-json\/wp\/v2\/pages\/20\/revisions"}],"predecessor-version":[{"id":252,"href":"https:\/\/ngotronghien.online\/index.php\/wp-json\/wp\/v2\/pages\/20\/revisions\/252"}],"wp:attachment":[{"href":"https:\/\/ngotronghien.online\/index.php\/wp-json\/wp\/v2\/media?parent=20"}],"curies":[{"name":"wp","href":"https:\/\/api.w.org\/{rel}","templated":true}]}}