{"id":19,"date":"2023-11-11T22:15:07","date_gmt":"2023-11-11T22:15:07","guid":{"rendered":"https:\/\/ngotronghien.online\/?page_id=19"},"modified":"2023-12-03T02:30:09","modified_gmt":"2023-12-03T07:30:09","slug":"hinh-anh-2","status":"publish","type":"page","link":"https:\/\/ngotronghien.online\/index.php\/hinh-anh-2\/","title":{"rendered":"H\u00ecnh \u1ea2nh"},"content":{"rendered":"\n<p>D\u01b0\u1edbi \u0111\u00e2y c\u00f3 v\u00e0i h\u00ecnh \u1ea3nh li\u00ean quan t\u1edbi c\u1ed1 thi-s\u0129 Ng\u00f4-Tr\u1ecdng-Hi\u1ebfn v\u00e0 gia \u0111\u00ecnh \u00f4ng. \u0110\u1ec3 coi r\u00f5 h\u01a1n, xin nh\u1ea5n con chu\u1ed9t v\u00e0o bi\u1ec3u hi\u1ec7n &#8220;m\u00e0n \u1ea3nh r\u1ed9ng&#8221; \u1edf t\u1eadn c\u00f9ng b\u00ean ph\u1ea3i ph\u00eda d\u01b0\u1edbi.<\/p>\n\n\n\n<figure class=\"wp-block-embed is-type-rich is-provider-issuu wp-block-embed-issuu\"><div class=\"wp-block-embed__wrapper\">\n<div data-url=\"https:\/\/issuu.com\/auvq\/docs\/h_nh_nh\" style=\"width: 750px; height: 500px;\" class=\"issuuembed\"><\/div><script type=\"text\/javascript\" src=\"\/\/e.issuu.com\/embed.js\" async=\"true\"><\/script>\n<\/div><\/figure>\n","protected":false},"excerpt":{"rendered":"<p>D\u01b0\u1edbi \u0111\u00e2y c\u00f3 v\u00e0i h\u00ecnh \u1ea3nh li\u00ean quan t\u1edbi c\u1ed1 thi-s\u0129 Ng\u00f4-Tr\u1ecdng-Hi\u1ebfn v\u00e0 gia \u0111\u00ecnh \u00f4ng. \u0110\u1ec3 coi r\u00f5 h\u01a1n, xin nh\u1ea5n con chu\u1ed9t v\u00e0o bi\u1ec3u hi\u1ec7n &#8220;m\u00e0n \u1ea3nh r\u1ed9ng&#8221; \u1edf t\u1eadn c\u00f9ng b\u00ean ph\u1ea3i ph\u00eda d\u01b0\u1edbi.<\/p>\n","protected":false},"author":1,"featured_media":0,"parent":0,"menu_order":0,"comment_status":"closed","ping_status":"closed","template":"","meta":{"om_disable_all_campaigns":false,"_monsterinsights_skip_tracking":false,"_monsterinsights_sitenote_active":false,"_monsterinsights_sitenote_note":"","_monsterinsights_sitenote_category":0,"footnotes":""},"class_list":["post-19","page","type-page","status-publish","hentry"],"aioseo_notices":[],"_links":{"self":[{"href":"https:\/\/ngotronghien.online\/index.php\/wp-json\/wp\/v2\/pages\/19","targetHints":{"allow":["GET"]}}],"collection":[{"href":"https:\/\/ngotronghien.online\/index.php\/wp-json\/wp\/v2\/pages"}],"about":[{"href":"https:\/\/ngotronghien.online\/index.php\/wp-json\/wp\/v2\/types\/page"}],"author":[{"embeddable":true,"href":"https:\/\/ngotronghien.online\/index.php\/wp-json\/wp\/v2\/users\/1"}],"replies":[{"embeddable":true,"href":"https:\/\/ngotronghien.online\/index.php\/wp-json\/wp\/v2\/comments?post=19"}],"version-history":[{"count":8,"href":"https:\/\/ngotronghien.online\/index.php\/wp-json\/wp\/v2\/pages\/19\/revisions"}],"predecessor-version":[{"id":236,"href":"https:\/\/ngotronghien.online\/index.php\/wp-json\/wp\/v2\/pages\/19\/revisions\/236"}],"wp:attachment":[{"href":"https:\/\/ngotronghien.online\/index.php\/wp-json\/wp\/v2\/media?parent=19"}],"curies":[{"name":"wp","href":"https:\/\/api.w.org\/{rel}","templated":true}]}}