{"id":142,"date":"2023-11-25T11:07:02","date_gmt":"2023-11-25T11:07:02","guid":{"rendered":"https:\/\/ngotronghien.online\/?page_id=142"},"modified":"2023-12-03T02:36:50","modified_gmt":"2023-12-03T07:36:50","slug":"chon-loc","status":"publish","type":"page","link":"https:\/\/ngotronghien.online\/index.php\/chon-loc\/","title":{"rendered":"Ch\u1ecdn l\u1ecdc"},"content":{"rendered":"\n<p>D\u01b0\u1edbi \u0111\u00e2y l\u00e0 m\u1ed9t s\u1ed1 b\u00e0i th\u01a1 ti\u00eau bi\u1ec3u c\u1ee7a c\u1ed1 thi-s\u0129 Ng\u00f4-Tr\u1ecdng-Hi\u1ebfn.<\/p>\n\n\n\n<figure class=\"wp-block-embed is-type-rich is-provider-issuu wp-block-embed-issuu\"><div class=\"wp-block-embed__wrapper\">\n<div data-url=\"https:\/\/issuu.com\/auvq\/docs\/ch_n_l_c_910840da70d391\" style=\"width: 750px; height: 485px;\" class=\"issuuembed\"><\/div><script type=\"text\/javascript\" src=\"\/\/e.issuu.com\/embed.js\" async=\"true\"><\/script>\n<\/div><\/figure>\n","protected":false},"excerpt":{"rendered":"<p>D\u01b0\u1edbi \u0111\u00e2y l\u00e0 m\u1ed9t s\u1ed1 b\u00e0i th\u01a1 ti\u00eau bi\u1ec3u c\u1ee7a c\u1ed1 thi-s\u0129 Ng\u00f4-Tr\u1ecdng-Hi\u1ebfn.<\/p>\n","protected":false},"author":1,"featured_media":0,"parent":0,"menu_order":0,"comment_status":"closed","ping_status":"closed","template":"","meta":{"om_disable_all_campaigns":false,"_monsterinsights_skip_tracking":false,"_monsterinsights_sitenote_active":false,"_monsterinsights_sitenote_note":"","_monsterinsights_sitenote_category":0,"footnotes":""},"class_list":["post-142","page","type-page","status-publish","hentry"],"aioseo_notices":[],"_links":{"self":[{"href":"https:\/\/ngotronghien.online\/index.php\/wp-json\/wp\/v2\/pages\/142","targetHints":{"allow":["GET"]}}],"collection":[{"href":"https:\/\/ngotronghien.online\/index.php\/wp-json\/wp\/v2\/pages"}],"about":[{"href":"https:\/\/ngotronghien.online\/index.php\/wp-json\/wp\/v2\/types\/page"}],"author":[{"embeddable":true,"href":"https:\/\/ngotronghien.online\/index.php\/wp-json\/wp\/v2\/users\/1"}],"replies":[{"embeddable":true,"href":"https:\/\/ngotronghien.online\/index.php\/wp-json\/wp\/v2\/comments?post=142"}],"version-history":[{"count":6,"href":"https:\/\/ngotronghien.online\/index.php\/wp-json\/wp\/v2\/pages\/142\/revisions"}],"predecessor-version":[{"id":238,"href":"https:\/\/ngotronghien.online\/index.php\/wp-json\/wp\/v2\/pages\/142\/revisions\/238"}],"wp:attachment":[{"href":"https:\/\/ngotronghien.online\/index.php\/wp-json\/wp\/v2\/media?parent=142"}],"curies":[{"name":"wp","href":"https:\/\/api.w.org\/{rel}","templated":true}]}}