{"id":14,"date":"2023-11-11T22:15:07","date_gmt":"2023-11-11T22:15:07","guid":{"rendered":"https:\/\/ngotronghien.online\/?page_id=14"},"modified":"2023-12-03T17:59:36","modified_gmt":"2023-12-03T22:59:36","slug":"lien-lac","status":"publish","type":"page","link":"https:\/\/ngotronghien.online\/index.php\/lien-lac\/","title":{"rendered":"Li\u00ean L\u1ea1c"},"content":{"rendered":"\n<p>D\u01b0\u1edbi \u0111\u00e2y l\u00e0 \u0111\u1ecba ch\u1ec9 \u0111i\u1ec7n th\u01b0 c\u1ee7a ng\u01b0\u1eddi c\u00f3 tr\u00e1ch nhi\u1ec7m v\u1ec1 nh\u1eefng trang m\u1ea1ng n\u00e0y v\u1ec1 thi-s\u0129 Ng\u00f4-Tr\u1ecdng-Hi\u1ebfn :<\/p>\n\n\n\n<p>stevengo@auvqinternational.com<\/p>\n\n\n\n<p><\/p>\n","protected":false},"excerpt":{"rendered":"<p>D\u01b0\u1edbi \u0111\u00e2y l\u00e0 \u0111\u1ecba ch\u1ec9 \u0111i\u1ec7n th\u01b0 c\u1ee7a ng\u01b0\u1eddi c\u00f3 tr\u00e1ch nhi\u1ec7m v\u1ec1 nh\u1eefng trang m\u1ea1ng n\u00e0y v\u1ec1 thi-s\u0129 Ng\u00f4-Tr\u1ecdng-Hi\u1ebfn : stevengo@auvqinternational.com<\/p>\n","protected":false},"author":1,"featured_media":0,"parent":0,"menu_order":0,"comment_status":"closed","ping_status":"closed","template":"","meta":{"om_disable_all_campaigns":false,"_monsterinsights_skip_tracking":false,"_monsterinsights_sitenote_active":false,"_monsterinsights_sitenote_note":"","_monsterinsights_sitenote_category":0,"footnotes":""},"class_list":["post-14","page","type-page","status-publish","hentry"],"aioseo_notices":[],"_links":{"self":[{"href":"https:\/\/ngotronghien.online\/index.php\/wp-json\/wp\/v2\/pages\/14","targetHints":{"allow":["GET"]}}],"collection":[{"href":"https:\/\/ngotronghien.online\/index.php\/wp-json\/wp\/v2\/pages"}],"about":[{"href":"https:\/\/ngotronghien.online\/index.php\/wp-json\/wp\/v2\/types\/page"}],"author":[{"embeddable":true,"href":"https:\/\/ngotronghien.online\/index.php\/wp-json\/wp\/v2\/users\/1"}],"replies":[{"embeddable":true,"href":"https:\/\/ngotronghien.online\/index.php\/wp-json\/wp\/v2\/comments?post=14"}],"version-history":[{"count":4,"href":"https:\/\/ngotronghien.online\/index.php\/wp-json\/wp\/v2\/pages\/14\/revisions"}],"predecessor-version":[{"id":243,"href":"https:\/\/ngotronghien.online\/index.php\/wp-json\/wp\/v2\/pages\/14\/revisions\/243"}],"wp:attachment":[{"href":"https:\/\/ngotronghien.online\/index.php\/wp-json\/wp\/v2\/media?parent=14"}],"curies":[{"name":"wp","href":"https:\/\/api.w.org\/{rel}","templated":true}]}}